{"id":72,"date":"2019-01-11T06:23:12","date_gmt":"2019-01-11T06:23:12","guid":{"rendered":"http:\/\/localhost\/panel\/xpeedstudio\/wp\/automobil\/?page_id=72"},"modified":"2021-06-16T14:49:11","modified_gmt":"2021-06-16T14:49:11","slug":"bize-ulasin","status":"publish","type":"page","link":"https:\/\/www.anadolulugat.com\/?page_id=72","title":{"rendered":"Bize Ula\u015f\u0131n"},"content":{"rendered":"\t\t<div data-elementor-type=\"wp-post\" data-elementor-id=\"72\" class=\"elementor elementor-72\" data-elementor-settings=\"[]\">\n\t\t\t\t\t\t<div class=\"elementor-inner\">\n\t\t\t\t\t\t\t<div class=\"elementor-section-wrap\">\n\t\t\t\t\t\t\t<section class=\"elementor-section elementor-top-section elementor-element elementor-element-640ae6a elementor-section-boxed elementor-section-height-default elementor-section-height-default\" data-id=\"640ae6a\" data-element_type=\"section\">\n\t\t\t\t\t\t<div class=\"elementor-container elementor-column-gap-no\">\n\t\t\t\t\t\t\t<div class=\"elementor-row\">\n\t\t\t\t\t<div class=\"elementor-column elementor-col-50 elementor-top-column elementor-element elementor-element-6b97078\" data-id=\"6b97078\" data-element_type=\"column\">\n\t\t\t<div class=\"elementor-column-wrap elementor-element-populated\">\n\t\t\t\t\t\t\t<div class=\"elementor-widget-wrap\">\n\t\t\t\t\t\t<div class=\"elementor-element elementor-element-567154d elementor-widget elementor-widget-google_maps\" data-id=\"567154d\" data-element_type=\"widget\" data-widget_type=\"google_maps.default\">\n\t\t\t\t<div class=\"elementor-widget-container\">\n\t\t\t<div class=\"elementor-custom-embed\"><iframe frameborder=\"0\" scrolling=\"no\" marginheight=\"0\" marginwidth=\"0\" src=\"https:\/\/maps.google.com\/maps?q=Anadolu%20L%C3%BCgat&amp;t=m&amp;z=16&amp;output=embed&amp;iwloc=near\" title=\"Anadolu L\u00fcgat\" aria-label=\"Anadolu L\u00fcgat\"><\/iframe><\/div>\t\t<\/div>\n\t\t\t\t<\/div>\n\t\t\t\t\t\t<\/div>\n\t\t\t\t\t<\/div>\n\t\t<\/div>\n\t\t\t\t<div class=\"elementor-column elementor-col-50 elementor-top-column elementor-element elementor-element-5be7eb2\" data-id=\"5be7eb2\" data-element_type=\"column\" data-settings=\"{&quot;background_background&quot;:&quot;classic&quot;}\">\n\t\t\t<div class=\"elementor-column-wrap elementor-element-populated\">\n\t\t\t\t\t\t\t<div class=\"elementor-widget-wrap\">\n\t\t\t\t\t\t<div class=\"elementor-element elementor-element-252281a elementor-widget elementor-widget-heading\" data-id=\"252281a\" data-element_type=\"widget\" data-widget_type=\"heading.default\">\n\t\t\t\t<div class=\"elementor-widget-container\">\n\t\t\t<h2 class=\"elementor-heading-title elementor-size-default\">\u0130leti\u015fim Bilgileri<\/h2>\t\t<\/div>\n\t\t\t\t<\/div>\n\t\t\t\t<div class=\"elementor-element elementor-element-4f9f0b5 elementor-widget elementor-widget-text-editor\" data-id=\"4f9f0b5\" data-element_type=\"widget\" data-widget_type=\"text-editor.default\">\n\t\t\t\t<div class=\"elementor-widget-container\">\n\t\t\t\t\t\t\t\t<div class=\"elementor-text-editor elementor-clearfix\">\n\t\t\t\t\t<div class=\"contact-info-item\"><h3 class=\"column-title no-border text-white\">Adres:<\/h3><p>\u0130ncilip\u0131nar Mh. Nail Bilen Cad.Tahtac\u0131 \u0130\u015f Merkezi Kat:1\/1-2 \u015eehitkamil\/Gaziantep<\/p><\/div><div class=\"contact-info-item\"><h3 class=\"column-title no-border text-white\">Telefon:<\/h3><p>+90 342 215 26 15<\/p><h3 class=\"column-title no-border text-white\">GSM:<\/h3><p>+90 549 618 26 07<\/p><\/div><div class=\"contact-info-item\"><h3 class=\"column-title no-border text-white\">E-Mail Adresimiz<\/h3><p>info@anadolulugat.com<\/p><p>anadolulugat27@gmail.com<\/p><\/div>\t\t\t\t\t<\/div>\n\t\t\t\t\t\t<\/div>\n\t\t\t\t<\/div>\n\t\t\t\t\t\t<\/div>\n\t\t\t\t\t<\/div>\n\t\t<\/div>\n\t\t\t\t\t\t\t\t<\/div>\n\t\t\t\t\t<\/div>\n\t\t<\/section>\n\t\t\t\t<section class=\"elementor-section elementor-top-section elementor-element elementor-element-10bcbb9 elementor-section-boxed elementor-section-height-default elementor-section-height-default\" data-id=\"10bcbb9\" data-element_type=\"section\">\n\t\t\t\t\t\t<div class=\"elementor-container elementor-column-gap-default\">\n\t\t\t\t\t\t\t<div class=\"elementor-row\">\n\t\t\t\t\t<div class=\"elementor-column elementor-col-50 elementor-top-column elementor-element elementor-element-1c9211f\" data-id=\"1c9211f\" data-element_type=\"column\">\n\t\t\t<div class=\"elementor-column-wrap elementor-element-populated\">\n\t\t\t\t\t\t\t<div class=\"elementor-widget-wrap\">\n\t\t\t\t\t\t<div class=\"elementor-element elementor-element-6f304a2 elementor-widget elementor-widget-autrics-title\" data-id=\"6f304a2\" data-element_type=\"widget\" data-widget_type=\"autrics-title.default\">\n\t\t\t\t<div class=\"elementor-widget-container\">\n\t\t\t              <div class=\"title-section-area\">\n\t           <h2 class=\"section-title\">\n                  <span>E-Posta ile<\/span> Bize Ula\u015f\u0131n\t\t\t   <\/h2>\n      <\/div><!-- Section title -->\t\t\n       \n      \n    \t\t<\/div>\n\t\t\t\t<\/div>\n\t\t\t\t<div class=\"elementor-element elementor-element-10616d6 elementor-widget elementor-widget-shortcode\" data-id=\"10616d6\" data-element_type=\"widget\" data-widget_type=\"shortcode.default\">\n\t\t\t\t<div class=\"elementor-widget-container\">\n\t\t\t\t\t<div class=\"elementor-shortcode\"><div role=\"form\" class=\"wpcf7\" id=\"wpcf7-f1537-o1\" lang=\"en-US\" dir=\"ltr\">\n<div class=\"screen-reader-response\"><p role=\"status\" aria-live=\"polite\" aria-atomic=\"true\"><\/p> <ul><\/ul><\/div>\n<form action=\"\/index.php?rest_route=%2Fwp%2Fv2%2Fpages%2F72#wpcf7-f1537-o1\" method=\"post\" class=\"wpcf7-form init\" novalidate=\"novalidate\" data-status=\"init\">\n<div style=\"display: none;\">\n<input type=\"hidden\" name=\"_wpcf7\" value=\"1537\" \/>\n<input type=\"hidden\" name=\"_wpcf7_version\" value=\"5.4.1\" \/>\n<input type=\"hidden\" name=\"_wpcf7_locale\" value=\"en_US\" \/>\n<input type=\"hidden\" name=\"_wpcf7_unit_tag\" value=\"wpcf7-f1537-o1\" \/>\n<input type=\"hidden\" name=\"_wpcf7_container_post\" value=\"0\" \/>\n<input type=\"hidden\" name=\"_wpcf7_posted_data_hash\" value=\"\" \/>\n<\/div>\n<div class=\"contact-us\">\n<div class=\"contactMe ts-main-form\">\n<div class=\"form-row\">\n<div class=\"col-lg-6\">\n                           <span class=\"wpcf7-form-control-wrap text-255\"><input type=\"text\" name=\"text-255\" value=\"\" size=\"40\" class=\"wpcf7-form-control wpcf7-text field\" aria-invalid=\"false\" placeholder=\"Ad Soyad\" \/><\/span>\n                              <\/div>\n<div class=\"col-lg-6\">\n                               <span class=\"wpcf7-form-control-wrap tel-348\"><input type=\"tel\" name=\"tel-348\" value=\"\" size=\"40\" class=\"wpcf7-form-control wpcf7-text wpcf7-tel wpcf7-validates-as-required wpcf7-validates-as-tel field\" aria-required=\"true\" aria-invalid=\"false\" placeholder=\"Telefon Numaras\u0131\" \/><\/span>\n                              <\/div>\n<\/div>\n<div class=\"form-row\">\n<div class=\"col-md-6\">\n            <span class=\"wpcf7-form-control-wrap email-540\"><input type=\"email\" name=\"email-540\" value=\"\" size=\"40\" class=\"wpcf7-form-control wpcf7-text wpcf7-email wpcf7-validates-as-required wpcf7-validates-as-email field\" aria-required=\"true\" aria-invalid=\"false\" placeholder=\"E-mail\" \/><\/span>\n            <\/div>\n<div class=\"col-md-6 select-item\">\n                      <span class=\"wpcf7-form-control-wrap menu-465\"><select name=\"menu-465\" class=\"wpcf7-form-control wpcf7-select field\" aria-invalid=\"false\"><option value=\"Kay\u0131t\">Kay\u0131t<\/option><option value=\"Dilek\">Dilek<\/option><option value=\"\u00d6neri\">\u00d6neri<\/option><option value=\"\u015eikayet\">\u015eikayet<\/option><\/select><\/span>\n              <\/div>\n<\/div>\n<div class=\"form-row\">\n<div class=\"col-md-12\">\n<span class=\"wpcf7-form-control-wrap textarea-406\"><textarea name=\"textarea-406\" cols=\"40\" rows=\"10\" class=\"wpcf7-form-control wpcf7-textarea wpcf7-validates-as-required field\" aria-required=\"true\" aria-invalid=\"false\" placeholder=\"Mesaj\u0131n\u0131z\"><\/textarea><\/span>\n    <\/div>\n<\/div>\n<div class=\"btn-after pull-right\">\n<input type=\"submit\" value=\"Mesaj\u0131 G\u00f6nder\" class=\"wpcf7-form-control wpcf7-submit btn btn-primary\" \/>\n<\/div>\n<div class=\"clearfix\"><\/div>\n<\/div>\n<\/div>\n<div class=\"wpcf7-response-output\" aria-hidden=\"true\"><\/div><\/form><\/div><\/div>\n\t\t\t\t<\/div>\n\t\t\t\t<\/div>\n\t\t\t\t\t\t<\/div>\n\t\t\t\t\t<\/div>\n\t\t<\/div>\n\t\t\t\t<div class=\"elementor-column elementor-col-50 elementor-top-column elementor-element elementor-element-c172b3e\" data-id=\"c172b3e\" data-element_type=\"column\">\n\t\t\t<div class=\"elementor-column-wrap elementor-element-populated\">\n\t\t\t\t\t\t\t<div class=\"elementor-widget-wrap\">\n\t\t\t\t\t\t<section class=\"elementor-section elementor-inner-section elementor-element elementor-element-1e63f36 elementor-section-boxed elementor-section-height-default elementor-section-height-default\" data-id=\"1e63f36\" data-element_type=\"section\">\n\t\t\t\t\t\t<div class=\"elementor-container elementor-column-gap-default\">\n\t\t\t\t\t\t\t<div class=\"elementor-row\">\n\t\t\t\t\t<div class=\"elementor-column elementor-col-100 elementor-inner-column elementor-element elementor-element-c23a20c\" data-id=\"c23a20c\" data-element_type=\"column\">\n\t\t\t<div class=\"elementor-column-wrap elementor-element-populated\">\n\t\t\t\t\t\t\t<div class=\"elementor-widget-wrap\">\n\t\t\t\t\t\t<div class=\"elementor-element elementor-element-408d853 elementor-widget elementor-widget-autrics-title\" data-id=\"408d853\" data-element_type=\"widget\" data-widget_type=\"autrics-title.default\">\n\t\t\t\t<div class=\"elementor-widget-container\">\n\t\t\t               <div class=\"title-section-area title-border-none\">\n            <h3 class=\"section-title\"> \n               <span>\u00c7al\u0131\u015fma<\/span>  Saatleri            <\/h3>\n         <\/div><!-- Section title -->\t\t\n     \n      \n    \t\t<\/div>\n\t\t\t\t<\/div>\n\t\t\t\t<div class=\"elementor-element elementor-element-04f61f0 weeklay-schedule elementor-widget elementor-widget-autrics-intro-contact\" data-id=\"04f61f0\" data-element_type=\"widget\" data-widget_type=\"autrics-intro-contact.default\">\n\t\t\t\t<div class=\"elementor-widget-container\">\n\t\t\t      <div class=\"ts-intro-wrapper ts-intro-contact-list\">\n         <div class=\"intro-content\">\n               <ul>\n                                         <li>\n                        <span> Pazartesi <\/span>\n                        <p class=\"intro-info\"> 09.00 - 20.00<\/p>\n                     <\/li>\n                                     <li>\n                        <span> Sal\u0131 <\/span>\n                        <p class=\"intro-info\"> 09.00 - 20.00<\/p>\n                     <\/li>\n                                     <li>\n                        <span> \u00c7ar\u015famba <\/span>\n                        <p class=\"intro-info\"> 09.00 - 20.00<\/p>\n                     <\/li>\n                                     <li>\n                        <span> Per\u015fembe <\/span>\n                        <p class=\"intro-info\"> 09.00 - 20.00<\/p>\n                     <\/li>\n                                     <li>\n                        <span> Cuma <\/span>\n                        <p class=\"intro-info\"> 09.00 - 20.00<\/p>\n                     <\/li>\n                                     <li>\n                        <span> Cumartesi <\/span>\n                        <p class=\"intro-info\"> 09.00 - 18.00<\/p>\n                     <\/li>\n                               <\/ul><!-- Ul List -->\n         <\/div>\n                  <i class=\"icon icon-tie\"><\/i>\n               <\/div>\n \n   \t\t<\/div>\n\t\t\t\t<\/div>\n\t\t\t\t\t\t<\/div>\n\t\t\t\t\t<\/div>\n\t\t<\/div>\n\t\t\t\t\t\t\t\t<\/div>\n\t\t\t\t\t<\/div>\n\t\t<\/section>\n\t\t\t\t<section class=\"elementor-section elementor-inner-section elementor-element elementor-element-7359ec9 elementor-section-boxed elementor-section-height-default elementor-section-height-default\" data-id=\"7359ec9\" data-element_type=\"section\">\n\t\t\t\t\t\t<div class=\"elementor-container elementor-column-gap-default\">\n\t\t\t\t\t\t\t<div class=\"elementor-row\">\n\t\t\t\t\t<div class=\"elementor-column elementor-col-100 elementor-inner-column elementor-element elementor-element-1376f54\" data-id=\"1376f54\" data-element_type=\"column\" data-settings=\"{&quot;background_background&quot;:&quot;classic&quot;}\">\n\t\t\t<div class=\"elementor-column-wrap elementor-element-populated\">\n\t\t\t\t\t\t\t<div class=\"elementor-widget-wrap\">\n\t\t\t\t\t\t<div class=\"elementor-element elementor-element-d6b2661 elementor-widget elementor-widget-autrics-title\" data-id=\"d6b2661\" data-element_type=\"widget\" data-widget_type=\"autrics-title.default\">\n\t\t\t\t<div class=\"elementor-widget-container\">\n\t\t\t               <div class=\"title-section-area title-border-none\">\n            <h3 class=\"section-title\"> \n               <span>Bizi Takip<\/span> Ediniz            <\/h3>\n         <\/div><!-- Section title -->\t\t\n     \n      \n    \t\t<\/div>\n\t\t\t\t<\/div>\n\t\t\t\t<div class=\"elementor-element elementor-element-13a0826 elementor-shape-circle e-grid-align-left elementor-grid-0 elementor-widget elementor-widget-social-icons\" data-id=\"13a0826\" data-element_type=\"widget\" data-widget_type=\"social-icons.default\">\n\t\t\t\t<div class=\"elementor-widget-container\">\n\t\t\t\t\t<div class=\"elementor-social-icons-wrapper elementor-grid\">\n\t\t\t\t\t\t\t<div class=\"elementor-grid-item\">\n\t\t\t\t\t<a class=\"elementor-icon elementor-social-icon elementor-social-icon-facebook elementor-repeater-item-32ff121\" target=\"_blank\">\n\t\t\t\t\t\t<span class=\"elementor-screen-only\">Facebook<\/span>\n\t\t\t\t\t\t\t\t\t\t\t\t\t<i class=\"fa fa-facebook\"><\/i>\n\t\t\t\t\t\t\t\t\t\t\t<\/a>\n\t\t\t\t<\/div>\n\t\t\t\t\t\t\t<div class=\"elementor-grid-item\">\n\t\t\t\t\t<a class=\"elementor-icon elementor-social-icon elementor-social-icon-twitter elementor-repeater-item-898c1d5\" target=\"_blank\">\n\t\t\t\t\t\t<span class=\"elementor-screen-only\">Twitter<\/span>\n\t\t\t\t\t\t\t\t\t\t\t\t\t<i class=\"fa fa-twitter\"><\/i>\n\t\t\t\t\t\t\t\t\t\t\t<\/a>\n\t\t\t\t<\/div>\n\t\t\t\t\t<\/div>\n\t\t\t\t<\/div>\n\t\t\t\t<\/div>\n\t\t\t\t\t\t<\/div>\n\t\t\t\t\t<\/div>\n\t\t<\/div>\n\t\t\t\t\t\t\t\t<\/div>\n\t\t\t\t\t<\/div>\n\t\t<\/section>\n\t\t\t\t\t\t<\/div>\n\t\t\t\t\t<\/div>\n\t\t<\/div>\n\t\t\t\t\t\t\t\t<\/div>\n\t\t\t\t\t<\/div>\n\t\t<\/section>\n\t\t\t\t<section class=\"elementor-section elementor-top-section elementor-element elementor-element-14d6a68 elementor-section-boxed elementor-section-height-default elementor-section-height-default\" data-id=\"14d6a68\" data-element_type=\"section\">\n\t\t\t\t\t\t<div class=\"elementor-container elementor-column-gap-default\">\n\t\t\t\t\t\t\t<div class=\"elementor-row\">\n\t\t\t\t\t<div class=\"elementor-column elementor-col-100 elementor-top-column elementor-element elementor-element-70f5219\" data-id=\"70f5219\" data-element_type=\"column\">\n\t\t\t<div class=\"elementor-column-wrap\">\n\t\t\t\t\t\t\t<div class=\"elementor-widget-wrap\">\n\t\t\t\t\t\t\t\t<\/div>\n\t\t\t\t\t<\/div>\n\t\t<\/div>\n\t\t\t\t\t\t\t\t<\/div>\n\t\t\t\t\t<\/div>\n\t\t<\/section>\n\t\t\t\t\t\t<\/div>\n\t\t\t\t\t\t<\/div>\n\t\t\t\t\t<\/div>\n\t\t","protected":false},"excerpt":{"rendered":"<p>\u0130leti\u015fim Bilgileri Adres: \u0130ncilip\u0131nar Mh. Nail Bilen Cad.Tahtac\u0131 \u0130\u015f Merkezi Kat:1\/1-2 \u015eehitkamil\/Gaziantep Telefon: +90 342 215 26 15 GSM: +90 549 618 26 07 E-Mail Adresimiz info@anadolulugat.com anadolulugat27@gmail.com E-Posta ile Bize Ula\u015f\u0131n \u00c7al\u0131\u015fma Saatleri Pazartesi 09.00 &#8211; 20.00 Sal\u0131 09.00 &#8211; 20.00 \u00c7ar\u015famba 09.00 &#8211; 20.00 Per\u015fembe 09.00 &#8211; 20.00 Cuma 09.00 &#8211; 20.00 Cumartesi [&hellip;]<\/p>\n","protected":false},"author":1,"featured_media":0,"parent":0,"menu_order":0,"comment_status":"closed","ping_status":"closed","template":"template\/full-width-template.php","meta":[],"_links":{"self":[{"href":"https:\/\/www.anadolulugat.com\/index.php?rest_route=\/wp\/v2\/pages\/72"}],"collection":[{"href":"https:\/\/www.anadolulugat.com\/index.php?rest_route=\/wp\/v2\/pages"}],"about":[{"href":"https:\/\/www.anadolulugat.com\/index.php?rest_route=\/wp\/v2\/types\/page"}],"author":[{"embeddable":true,"href":"https:\/\/www.anadolulugat.com\/index.php?rest_route=\/wp\/v2\/users\/1"}],"replies":[{"embeddable":true,"href":"https:\/\/www.anadolulugat.com\/index.php?rest_route=%2Fwp%2Fv2%2Fcomments&post=72"}],"version-history":[{"count":53,"href":"https:\/\/www.anadolulugat.com\/index.php?rest_route=\/wp\/v2\/pages\/72\/revisions"}],"predecessor-version":[{"id":2627,"href":"https:\/\/www.anadolulugat.com\/index.php?rest_route=\/wp\/v2\/pages\/72\/revisions\/2627"}],"wp:attachment":[{"href":"https:\/\/www.anadolulugat.com\/index.php?rest_route=%2Fwp%2Fv2%2Fmedia&parent=72"}],"curies":[{"name":"wp","href":"https:\/\/api.w.org\/{rel}","templated":true}]}}