{"id":2549,"date":"2021-06-15T14:51:21","date_gmt":"2021-06-15T14:51:21","guid":{"rendered":"https:\/\/www.anadolulugat.com\/?page_id=2549"},"modified":"2021-06-15T14:51:22","modified_gmt":"2021-06-15T14:51:22","slug":"projelerimiz","status":"publish","type":"page","link":"https:\/\/www.anadolulugat.com\/?page_id=2549","title":{"rendered":"Projelerimiz"},"content":{"rendered":"\n<p><strong>AND\u0130MER\u2019\u0130N TAMAMLADI\u011eI PROJELER VE REFERANSLARI:<\/strong><\/p>\n\n\n\n<p><strong>1.Ankara \u00dcniversitesi T\u00d6MER<\/strong>\u2019le birlikte, 53111 Bonn\/ALMANYA adresinde mukim <strong>SEQUA<\/strong> Ggmbh Partner of German Business birlikte,&nbsp; 2016 \u2013 2019&nbsp; y\u0131llar\u0131n\u0131 ve Hatay, \u015eanl\u0131urfa, Mersin ve Kilis illerini kapsayan \u201c<strong>Suriyelilere T\u00fcrk\u00e7e \u00d6\u011fretimi<\/strong>\u201d projesi tamamlanm\u0131\u015ft\u0131r.<\/p>\n\n\n\n<p><strong>2.Gaziantep Ticaret Odas\u0131 (GTO) ve IMPR&nbsp; <\/strong>taraf\u0131ndan organize edilen \u00e7al\u0131\u015fmayla&nbsp; 03.08.2016 ile 31.11.2016 tarihleri aras\u0131nda <strong>\u201cSuriyeli T\u00fcccarlara \u0130\u015f T\u00fcrk\u00e7esi \u00d6\u011fretimi\u201d<\/strong> 88\u2019er saatlik 2 kurun e\u011fitimi tamamlanm\u0131\u015f ve bu e\u011fitimin devam\u0131 yine yap\u0131lm\u0131\u015ft\u0131r.<\/p>\n\n\n\n<p><strong>3.CARE TURKEY<\/strong> ile birlikte 3 y\u0131l boyunca <strong>\u201cA1-A2 d\u00fczeyinde Suriyelilere T\u00fcrk\u00e7e \u00d6\u011fretimi\u201d<\/strong> projesi yap\u0131lm\u0131\u015ft\u0131r. 309 \u00f6\u011frencili T\u00fcrk\u00e7e E\u011fitim Projesi, Temmuz 2019\u2019da tamamlanm\u0131\u015ft\u0131r.<\/p>\n\n\n\n<p><strong>4.SPARK<\/strong> ile birlikte<strong>&nbsp; \u201cT\u00fcrk \u00dcniversitelerinde Okumak \u0130steyen Suriyeli \u00d6\u011frencilere,&nbsp; <\/strong>yap\u0131lm\u0131\u015ft\u0131r. Yine bu projenin devam\u0131 olarak 3 y\u0131l devam eden proje Aral\u0131k 2018\u2019de tamamlanm\u0131\u015ft\u0131r.<\/p>\n\n\n\n<p><strong>5.SPARK ile birlikte ve Cambridge University i\u015fbirli\u011fi ile BEC (Business English Course) sertifikal\u0131 i\u015f \u0130ngilizcesi projesi<\/strong> tamamlanm\u0131\u015ft\u0131r.<\/p>\n\n\n\n<p><strong>6. <\/strong><strong>AND\u0130MER; <\/strong><strong>\u0130stanbul Ayd\u0131n \u00dcniversitesi <\/strong>ile birlikte<strong> YTB\u2019nin (<\/strong>Yurtd\u0131\u015f\u0131 T\u00fcrkler ve Akraba Topluluklar Ba\u015fkanl\u0131\u011f\u0131<strong>)<\/strong> Birle\u015fmi\u015f&nbsp;Milletler M\u00fclteciler Y\u00fcksek Komiserli\u011fi&nbsp;(<strong>UNHCR-EU<\/strong>) ile birlikte organize etti\u011fi<strong>Suriyeliler&nbsp; \u0130\u00e7in&nbsp;\u0130leri&nbsp;D\u00fczey T\u00fcrk\u00e7e&nbsp;E\u011fitim Program\u0131n\u0131 <\/strong>Gaziantep, Hatay, Osmaniye, \u015eanl\u0131urfa, Mersin ve Kahramanmara\u015f&nbsp; illerinde 3 y\u0131l boyunca s\u00fcrd\u00fcr\u00fcrek ba\u015far\u0131yla tamamlam\u0131\u015ft\u0131r. <strong>\u0130lk y\u0131l proje, <\/strong>19 Aral\u0131k&nbsp;&nbsp; 2016 &#8211; Temmuz 2017 tarihleri aras\u0131 (8 ay) 85 \u00f6\u011frenci ile tamamlanm\u0131\u015ft\u0131r. <strong>\u0130kinci y\u0131l,<\/strong>&nbsp;&nbsp; 20 Kas\u0131m&nbsp;&nbsp; 2017 &#8211; Temmuz 2018 tarihleri aras\u0131 (9 ay) 500 \u00f6\u011frenci ile tamamlanm\u0131\u015ft\u0131r. <strong>\u00dc\u00e7\u00fcnc\u00fc y\u0131l<\/strong>, Kas\u0131m 2018 &#8211; <strong>&nbsp;<\/strong>Temmuz 2019 tarihleri aras\u0131 (9 ay)&nbsp; 675 \u00f6\u011frenci ile tamamlanm\u0131\u015ft\u0131r.<\/p>\n\n\n\n<p><strong>7. Sema Derne\u011fi <\/strong>ile yap\u0131lan i\u015f birli\u011fiile&nbsp; <strong>A1 ve A2<\/strong> seviyesinde <strong>Suriyeli Doktorlara<\/strong> T\u00fcrk\u00e7e E\u011fitimi verilmi\u015ftir.<\/p>\n\n\n\n<p><strong>8.Katar K\u0131z\u0131lay\u0131<\/strong> personeline&nbsp; A1,A2 ve B1 seviyesinde T\u00fcrk\u00e7e E\u011fitimi verilmi\u015ftir.<\/p>\n\n\n\n<p><strong>9.Suriye Ge\u00e7ici H\u00fck\u00fcmeti<\/strong> \u00e7al\u0131\u015fanlar\u0131na&nbsp; T\u00fcrk\u00e7e E\u011fitimi verilmi\u015ftir.<\/p>\n\n\n\n<p><strong>10.El Cezire Televizyonu <\/strong>personellerine T\u00fcrk\u00e7e E\u011fitim verilmi\u015ftir.<\/p>\n\n\n\n<p><strong>11.Vatan Derne\u011fi <\/strong>ile yap\u0131lan i\u015f birli\u011fiile Suriyeli \u00f6\u011frencilere T\u00fcrk\u00e7e ve \u0130ngilizce E\u011fitimi verilmi\u015ftir.<\/p>\n\n\n\n<p><strong>12.<\/strong> <strong>Gaziantep Ticaret Odas\u0131 (GTO) <\/strong>taraf\u0131ndan organize edilen \u00e7al\u0131\u015fmayla 26.08.2019 &#8211; 09.10.2019 tarihleri aras\u0131nda&nbsp; Suriyelilere&nbsp; <strong>\u201c\u0130\u015f \u0130ngilizcesi E\u011fitimi \u2018\u2019<\/strong> verilmi\u015ftir.<\/p>\n\n\n\n<p><strong>13.<\/strong> Gaziantep Serbest Muhasebeci Mali M\u00fc\u015favirler Odas\u0131 \u00dcyelerine 2017 Y\u0131l\u0131nda \u201c<strong>\u0130ngilizce E\u011fitimi \u2018\u2019<\/strong> verilmi\u015ftir.<\/p>\n\n\n\n<p><strong>14.<\/strong> Irak Konsoloslu\u011fu Personellerine 2016 y\u0131l\u0131nda&nbsp; \u2018\u2019<strong>T\u00fcrk\u00e7e E\u011fitimi \u2018\u2019<\/strong> verilmi\u015ftir.<\/p>\n\n\n\n<p><strong>15.<\/strong> Humuslar Derne\u011fi taraf\u0131ndan organize edilen Suriyeli \u00f6\u011frencilere y\u00f6nelik&nbsp; <strong>SAT Projesi<\/strong> kapsam\u0131nda 12 Suriyeli \u00f6\u011frenciye SAT e\u011fitimi verilmi\u015f ve bu \u00f6\u011frencilerden 6\u2019s\u0131 \u00e7e\u015fitli T\u00fcrk \u00dcniversitelerinde <strong>t\u0131p fak\u00fcltelerini <\/strong>kazanm\u0131\u015ft\u0131r.<\/p>\n\n\n\n<p><strong>16.<\/strong> Malumat Derne\u011fi taraf\u0131ndan organize edilen <strong>T\u00fcrk\u00e7e \u00d6\u011frenimi<\/strong> projesi kapsam\u0131nda 2015-2016 Y\u0131llar\u0131nda 17 ki\u015fiye \u2019<strong>T\u00fcrk\u00e7e E\u011fitimi \u2018\u2019<\/strong> verilmi\u015ftir.<\/p>\n\n\n\n<p><strong>17.<\/strong> AFAK Derne\u011fi koordinesinde 2017 y\u0131l\u0131nda&nbsp; yetim \u00f6\u011frencilere \u00fccretsiz <strong>T\u00fcrk\u00e7e ve SAT E\u011fitimi<\/strong>&nbsp; verilmi\u015ftir.<\/p>\n\n\n\n<p><strong>18.<\/strong> Cengiz Yurtd\u0131\u015f\u0131 Dan\u0131\u015fmanl\u0131k firmas\u0131 Sa\u011fl\u0131k Personeli Kat\u0131l\u0131mc\u0131lar\u0131na 2019-2020 e\u011fitim d\u00f6neminde 300 saatlik B1 seviyesine kadar <strong>Almanca e\u011fitimi<\/strong> verilmi\u015ftir.<\/p>\n\n\n\n<p><strong>19.<\/strong> \u00d6nder Dayan\u0131\u015fma ve Kalk\u0131nma Derne\u011fi ile i\u015f birli\u011finde 20 yetim \u00f6\u011frenciye \u00fccretsiz olarak Y\u00d6S kurslar\u0131 verilmi\u015ftir.<\/p>\n\n\n\n<p><strong>20.<\/strong> S\u00fcd\u00fcr\u00fclebilir Yerel Kalk\u0131nma Derne\u011finin organize etti\u011fi programla 10 Kat\u0131l\u0131mc\u0131ya \u0130ngilizce E\u011fitimi verilmi\u015ftir.<\/p>\n\n\n\n<p><strong>21.<\/strong> <strong>CARE TURKEY<\/strong> ile birlikte 13.07.2020-18.09.2020 Tarihleri aras\u0131nda <strong>A1,A2 ve B1 d\u00fczeylerinde Gaziantep, \u015eanl\u0131urfa ve Kilis illerinde 531 Suriyeli Bayan Kat\u0131l\u0131mc\u0131ya \u201cOn-Line T\u00fcrk\u00e7e \u00d6\u011fretimi\u201d<\/strong> projesi ger\u00e7ekle\u015ftirilmi\u015ftir.<\/p>\n\n\n\n<p><strong>Adres<\/strong> : \u0130ncilip\u0131nar Mh. Nail Bilen Cad. Tahtac\u0131 \u0130\u015f Merkezi Kat:1\/1-2 \u015eehitk\u00e2mil \/ GAZ\u0130ANTEP \/ T\u00dcRK\u0130YE<br>Tel: +90 342 215 26 15 &#8211; Faks: +90 342 215 26 16 Web: <a href=\"http:\/\/www.anadolulugat.com\">www.anadolulugat.com<\/a><\/p>\n","protected":false},"excerpt":{"rendered":"<p>AND\u0130MER\u2019\u0130N TAMAMLADI\u011eI PROJELER VE REFERANSLARI: 1.Ankara \u00dcniversitesi T\u00d6MER\u2019le birlikte, 53111 Bonn\/ALMANYA adresinde mukim SEQUA Ggmbh Partner of German Business birlikte,&nbsp; 2016 \u2013 2019&nbsp; y\u0131llar\u0131n\u0131 ve Hatay, \u015eanl\u0131urfa, Mersin ve Kilis illerini kapsayan \u201cSuriyelilere T\u00fcrk\u00e7e \u00d6\u011fretimi\u201d projesi tamamlanm\u0131\u015ft\u0131r. 2.Gaziantep Ticaret Odas\u0131 (GTO) ve IMPR&nbsp; taraf\u0131ndan organize edilen \u00e7al\u0131\u015fmayla&nbsp; 03.08.2016 ile 31.11.2016 tarihleri aras\u0131nda \u201cSuriyeli T\u00fcccarlara \u0130\u015f [&hellip;]<\/p>\n","protected":false},"author":2,"featured_media":0,"parent":0,"menu_order":0,"comment_status":"closed","ping_status":"closed","template":"","meta":[],"_links":{"self":[{"href":"https:\/\/www.anadolulugat.com\/index.php?rest_route=\/wp\/v2\/pages\/2549"}],"collection":[{"href":"https:\/\/www.anadolulugat.com\/index.php?rest_route=\/wp\/v2\/pages"}],"about":[{"href":"https:\/\/www.anadolulugat.com\/index.php?rest_route=\/wp\/v2\/types\/page"}],"author":[{"embeddable":true,"href":"https:\/\/www.anadolulugat.com\/index.php?rest_route=\/wp\/v2\/users\/2"}],"replies":[{"embeddable":true,"href":"https:\/\/www.anadolulugat.com\/index.php?rest_route=%2Fwp%2Fv2%2Fcomments&post=2549"}],"version-history":[{"count":1,"href":"https:\/\/www.anadolulugat.com\/index.php?rest_route=\/wp\/v2\/pages\/2549\/revisions"}],"predecessor-version":[{"id":2551,"href":"https:\/\/www.anadolulugat.com\/index.php?rest_route=\/wp\/v2\/pages\/2549\/revisions\/2551"}],"wp:attachment":[{"href":"https:\/\/www.anadolulugat.com\/index.php?rest_route=%2Fwp%2Fv2%2Fmedia&parent=2549"}],"curies":[{"name":"wp","href":"https:\/\/api.w.org\/{rel}","templated":true}]}}