{"id":2541,"date":"2021-06-15T14:44:43","date_gmt":"2021-06-15T14:44:43","guid":{"rendered":"https:\/\/www.anadolulugat.com\/?page_id=2541"},"modified":"2021-06-15T14:47:00","modified_gmt":"2021-06-15T14:47:00","slug":"kalite-politikamiz","status":"publish","type":"page","link":"https:\/\/www.anadolulugat.com\/?page_id=2541","title":{"rendered":"Kalite Politikam\u0131z"},"content":{"rendered":"\n<p>\u00d6zel Anadolu L\u00fcgat Dil \u00d6\u011fretim Merkezi (AND\u0130MER) misyonu ve vizyonu do\u011frultusunda e\u011fitim, ara\u015ft\u0131rma ve y\u00f6netim faaliyetlerinin t\u00fcm payda\u015flar\u0131m\u0131zca benimsenen toplam kalite y\u00f6netimi anlay\u0131\u015f\u0131 ile evrensel bilime, etik ilkelere ve hukuka dayal\u0131, yenilik\u00e7i, s\u00fcrekli iyile\u015ftirme esasl\u0131 olarak ger\u00e7ekle\u015ftirilmesidir. <\/p>\n\n\n\n<p><strong>Bu do\u011frultuda kaliteli politikam\u0131z<\/strong><\/p>\n\n\n\n<ul><li>Kalite G\u00fcvencesi Sistemine t\u00fcm payda\u015flar\u0131m\u0131z\u0131n kat\u0131l\u0131m\u0131n\u0131,<\/li><li>\u0130nsan kayna\u011f\u0131n\u0131n bilgi, beceri ve yetkinliklerinin geli\u015ftirilmesini,<\/li><li>E\u011fitim-\u00f6\u011fretimde nitelik ve \u00f6\u011frenci odakl\u0131 yakla\u015f\u0131m\u0131,<\/li><li>AR-GE ve e\u011fitimin ulusal\/uluslararas\u0131 gereksinim ve \u00f6nceliklere g\u00f6re y\u00fcr\u00fct\u00fclmesi,<\/li><li>E\u011fitim ve ara\u015ft\u0131rmada ulusal\/uluslararas\u0131 akreditasyonu,<\/li><li>Nitelikli ara\u015ft\u0131rmac\u0131lar\u0131n istihdam\u0131n\u0131,<\/li><li>Bilim, k\u00fclt\u00fcr ve sanat alanlar\u0131nda b\u00f6lgeye ve topluma \u00fcst d\u00fczeyde katk\u0131 sa\u011flamay\u0131,<\/li><li>Uluslararas\u0131la\u015fma bilin\u00e7 ve uygulamalar\u0131n\u0131n yayg\u0131nla\u015ft\u0131r\u0131lmas\u0131n\u0131,<\/li><li>Ulusal\/uluslararas\u0131 s\u0131ralamalarda daha \u00fcst seviyelere ula\u015fmay\u0131,<\/li><li>Etkin bir kurumsal risk y\u00f6netimi stratejisi s\u00fcrd\u00fcr\u00fclmesini,<\/li><\/ul>\n\n\n\n<p>esas al\u0131r.<\/p>\n","protected":false},"excerpt":{"rendered":"<p>\u00d6zel Anadolu L\u00fcgat Dil \u00d6\u011fretim Merkezi (AND\u0130MER) misyonu ve vizyonu do\u011frultusunda e\u011fitim, ara\u015ft\u0131rma ve y\u00f6netim faaliyetlerinin t\u00fcm payda\u015flar\u0131m\u0131zca benimsenen toplam kalite y\u00f6netimi anlay\u0131\u015f\u0131 ile evrensel bilime, etik ilkelere ve hukuka dayal\u0131, yenilik\u00e7i, s\u00fcrekli iyile\u015ftirme esasl\u0131 olarak ger\u00e7ekle\u015ftirilmesidir. Bu do\u011frultuda kaliteli politikam\u0131z Kalite G\u00fcvencesi Sistemine t\u00fcm payda\u015flar\u0131m\u0131z\u0131n kat\u0131l\u0131m\u0131n\u0131, \u0130nsan kayna\u011f\u0131n\u0131n bilgi, beceri ve yetkinliklerinin geli\u015ftirilmesini, E\u011fitim-\u00f6\u011fretimde [&hellip;]<\/p>\n","protected":false},"author":2,"featured_media":0,"parent":0,"menu_order":0,"comment_status":"closed","ping_status":"closed","template":"","meta":[],"_links":{"self":[{"href":"https:\/\/www.anadolulugat.com\/index.php?rest_route=\/wp\/v2\/pages\/2541"}],"collection":[{"href":"https:\/\/www.anadolulugat.com\/index.php?rest_route=\/wp\/v2\/pages"}],"about":[{"href":"https:\/\/www.anadolulugat.com\/index.php?rest_route=\/wp\/v2\/types\/page"}],"author":[{"embeddable":true,"href":"https:\/\/www.anadolulugat.com\/index.php?rest_route=\/wp\/v2\/users\/2"}],"replies":[{"embeddable":true,"href":"https:\/\/www.anadolulugat.com\/index.php?rest_route=%2Fwp%2Fv2%2Fcomments&post=2541"}],"version-history":[{"count":2,"href":"https:\/\/www.anadolulugat.com\/index.php?rest_route=\/wp\/v2\/pages\/2541\/revisions"}],"predecessor-version":[{"id":2548,"href":"https:\/\/www.anadolulugat.com\/index.php?rest_route=\/wp\/v2\/pages\/2541\/revisions\/2548"}],"wp:attachment":[{"href":"https:\/\/www.anadolulugat.com\/index.php?rest_route=%2Fwp%2Fv2%2Fmedia&parent=2541"}],"curies":[{"name":"wp","href":"https:\/\/api.w.org\/{rel}","templated":true}]}}