{"id":2532,"date":"2021-06-15T14:34:31","date_gmt":"2021-06-15T14:34:31","guid":{"rendered":"https:\/\/www.anadolulugat.com\/?page_id=2532"},"modified":"2023-03-20T07:37:22","modified_gmt":"2023-03-20T07:37:22","slug":"hakkimizda","status":"publish","type":"page","link":"https:\/\/www.anadolulugat.com\/?page_id=2532","title":{"rendered":"Hakk\u0131m\u0131zda"},"content":{"rendered":"\n<p>\u00d6ZEL ANADOLU L\u00dcGAT D\u0130L \u00d6\u011eRET\u0130M MERKEZ\u0130 (AND\u0130MER)<\/p>\n\n\n\n<p>L\u00fcgat E\u011fitim Dan\u0131\u015fmanl\u0131k Hizmetleri ve Ticaret Limited \u015eirketi ve buna ba\u011fl\u0131 olarak&nbsp; 2014 y\u0131l\u0131nda a\u00e7\u0131lan \u00d6zel Anadolu L\u00fcgat Dil \u00d6\u011fretim Merkezi (AND\u0130MER), Gaziantep\u2019te e\u011fitim \u00f6\u011fretim faaliyetinde bulunan; T\u00fcrk\u00e7e ve \u0130ngilizce ba\u015fta olmak \u00fczere bir\u00e7ok dillerin \u00f6\u011fretiminin yap\u0131ld\u0131\u011f\u0131 \u201cDil \u00d6\u011fretim Merkezi\u201ddir. \u201cYeni bir dil, yeni bir d\u00fcnya\u201d slogan\u0131yla yola \u00e7\u0131km\u0131\u015f olan AND\u0130MER; Gaziantep ve \u00e7evre illerde ikamet eden, \u00f6zellikle Suriyeliler ve Irakl\u0131lar ba\u015fta olmak \u00fczere b\u00fct\u00fcn yabanc\u0131lara T\u00fcrk\u00e7e \u00d6\u011fretimi hizmetinin yan\u0131 s\u0131ra, yabanc\u0131 \u00f6\u011frencilere y\u00f6nelik Y\u00d6S ve SAT s\u0131navlar\u0131yla ilgili olarak e\u011fitim ve \u00fcniversite tercihleri konusunda destek olmaya devam etmektedir.<\/p>\n\n\n\n<p>AND\u0130MER, 2017 y\u0131l\u0131ndan beri Metropol E\u011fitim Kurumlar\u0131n\u0131n Gaziantep \u015eubesidir.<\/p>\n\n\n\n<p>AND\u0130MER; Gaziantep merkezli olmak \u00fczere, \u015eanl\u0131urfa, Mersin, Hatay, Kilis, Kahramanmara\u015f, Osmaniye vb. \u00e7evre illerde \u00e7o\u011funlu\u011fu online olmak \u00fczere e\u011fitim \u00f6\u011fretim faaliyetlerini s\u00fcrd\u00fcrmektedir. AND\u0130MER; Ankara \u00dcniversitesi T\u00d6MER\u2019in Gaziantep, \u015eanl\u0131urfa, Mersin ve Hatay illerinde birka\u00e7 y\u0131l S\u0131nav \u015eubeli\u011fini yapm\u0131\u015ft\u0131r. S\u0131navlarda ba\u015far\u0131l\u0131 olanlara A1, A2, B1 ve B2 seviyelerinde SERT\u0130F\u0130KALARI ve C1 seviyesinde ise D\u0130PLOMALARI verilmi\u015ftir.<\/p>\n\n\n\n<p>2018 y\u0131l\u0131nda L\u00fcgat Y\u00f6netimi taraf\u0131ndan \u201cYeni L\u00fcgat Dil \u00d6\u011fretim Merkezi Ticaret Limited \u015eirketi\u201d&nbsp; kurulmu\u015ftur. Yeni L\u00fcgat Dil \u00d6\u011fretim Merkezi Ticaret Limited \u015eirketi, 22 \u015eubat 2020\u2019den itibaren de \u0130stanbul \u00dcniversitesi Dil Merkezinin Gaziantep S\u0131nav Merkezi olarak faaliyetlerine devam etmektedir. \u0130.\u00dc. Dil Merkezi ile \u201c\u0130stanbul \u00dcniversitesi T\u00fcrk\u00e7e D\u00fczey Belirleme S\u0131navlar\u0131n\u0131\u201d ve \u201cYabanc\u0131 Dil Olarak T\u00fcrk\u00e7e \u00d6\u011fretmenli\u011fi Sertifika Program\u0131n\u0131\u201d organize etmektedir.<\/p>\n\n\n\n<p>Yeni L\u00fcgat\u2019a ba\u011fl\u0131 olarak \u201c\u00d6zel Anadolu Akademi Ki\u015fisel Geli\u015fim Kursu\u201d ile <a>\u201c\u00d6zel Gelece\u011fin Robotik Ve Y\u00f6netim Akademisi Meslek Edindirme ve Mesleki Geli\u015fim Kursu\u201d <\/a>Aral\u0131k&nbsp; 2020\u2019de e\u011fitim \u00f6\u011fretim faaliyetlerine ba\u015flam\u0131\u015ft\u0131r.<\/p>\n\n\n\n<p>AND\u0130MER\u2019de, haftan\u0131n 6 g\u00fcn\u00fc 09:00-21:00 saatleri aras\u0131nda dersler verilmektedir.<\/p>\n\n\n\n<p>AND\u0130MER\u2019de \u00f6\u011fretim, alan\u0131nda uzman e\u011fitim kadrosu taraf\u0131ndan yap\u0131lmaktad\u0131r.<\/p>\n\n\n\n<p>AND\u0130MER\u2019de, \u00e7ocuklar i\u00e7in T\u00fcrk\u00e7e, \u00f6zel ama\u00e7l\u0131 T\u00fcrk\u00e7e kurslar\u0131 (Konu\u015fma T\u00fcrk\u00e7esi, Ticari T\u00fcrk\u00e7e vb.) bulunmaktad\u0131r. Kay\u0131tl\u0131 \u00f6\u011frencilerine \u00fccretsiz konu\u015fma dersleri de verilmektedir.<\/p>\n","protected":false},"excerpt":{"rendered":"<p>\u00d6ZEL ANADOLU L\u00dcGAT D\u0130L \u00d6\u011eRET\u0130M MERKEZ\u0130 (AND\u0130MER) L\u00fcgat E\u011fitim Dan\u0131\u015fmanl\u0131k Hizmetleri ve Ticaret Limited \u015eirketi ve buna ba\u011fl\u0131 olarak&nbsp; 2014 y\u0131l\u0131nda a\u00e7\u0131lan \u00d6zel Anadolu L\u00fcgat Dil \u00d6\u011fretim Merkezi (AND\u0130MER), Gaziantep\u2019te e\u011fitim \u00f6\u011fretim faaliyetinde bulunan; T\u00fcrk\u00e7e ve \u0130ngilizce ba\u015fta olmak \u00fczere bir\u00e7ok dillerin \u00f6\u011fretiminin yap\u0131ld\u0131\u011f\u0131 \u201cDil \u00d6\u011fretim Merkezi\u201ddir. \u201cYeni bir dil, yeni bir d\u00fcnya\u201d slogan\u0131yla yola [&hellip;]<\/p>\n","protected":false},"author":2,"featured_media":0,"parent":0,"menu_order":0,"comment_status":"closed","ping_status":"closed","template":"","meta":[],"_links":{"self":[{"href":"https:\/\/www.anadolulugat.com\/index.php?rest_route=\/wp\/v2\/pages\/2532"}],"collection":[{"href":"https:\/\/www.anadolulugat.com\/index.php?rest_route=\/wp\/v2\/pages"}],"about":[{"href":"https:\/\/www.anadolulugat.com\/index.php?rest_route=\/wp\/v2\/types\/page"}],"author":[{"embeddable":true,"href":"https:\/\/www.anadolulugat.com\/index.php?rest_route=\/wp\/v2\/users\/2"}],"replies":[{"embeddable":true,"href":"https:\/\/www.anadolulugat.com\/index.php?rest_route=%2Fwp%2Fv2%2Fcomments&post=2532"}],"version-history":[{"count":4,"href":"https:\/\/www.anadolulugat.com\/index.php?rest_route=\/wp\/v2\/pages\/2532\/revisions"}],"predecessor-version":[{"id":2659,"href":"https:\/\/www.anadolulugat.com\/index.php?rest_route=\/wp\/v2\/pages\/2532\/revisions\/2659"}],"wp:attachment":[{"href":"https:\/\/www.anadolulugat.com\/index.php?rest_route=%2Fwp%2Fv2%2Fmedia&parent=2532"}],"curies":[{"name":"wp","href":"https:\/\/api.w.org\/{rel}","templated":true}]}}